{"id":41,"date":"2024-01-20T09:38:02","date_gmt":"2024-01-20T08:38:02","guid":{"rendered":"https:\/\/backpacktraveler.qodeinteractive.com\/?page_id=41"},"modified":"2024-05-24T19:32:22","modified_gmt":"2024-05-24T17:32:22","slug":"blog-list","status":"publish","type":"page","link":"https:\/\/goodcraic.de\/en\/blog-list\/","title":{"rendered":"Blog List"},"content":{"rendered":"<div class=\"wpb-content-wrapper\"><div class=\"vc_row wpb_row vc_row-fluid vc_custom_1535098575856\" ><div class=\"wpb_column vc_column_container vc_col-sm-12\"><div class=\"vc_column-inner\"><div class=\"wpb_wrapper\"><div class=\"mkdf-blog-list-holder mkdf-grid-list mkdf-disable-bottom-space mkdf-bl-alternating mkdf-one-columns mkdf-medium-space mkdf-bl-pag-no-pagination\"  data-type=\"alternating\" data-number-of-posts=\"10\" data-number-of-columns=\"one\" data-space-between-items=\"medium\" data-orderby=\"date\" data-order=\"DESC\" data-image-size=\"full\" data-title-tag=\"h3\" data-excerpt-length=\"63\" data-post-info-image=\"yes\" data-post-info-author=\"no\" data-post-info-date=\"yes\" data-post-info-category=\"yes\" data-post-info-comments=\"no\" data-post-info-like=\"no\" data-post-info-share=\"yes\" data-pagination-type=\"no-pagination\" data-post-info-destination=\"yes\" data-content-align=\"center\" data-post-info-read-more=\"no\" data-post-info-border=\"no\" data-max-num-pages=\"1\" data-next-page=\"2\">\n\t<div class=\"mkdf-bl-wrapper mkdf-outer-space\">\n\t\t<ul class=\"mkdf-blog-list\">\n\t\t\t<li class=\"mkdf-bl-item mkdf-item-space\">\n\t<div class=\"mkdf-bli-inner\">\n\t\t<div class=\"mkdf-bli-content\">\n            \n    <div class=\"mkdf-post-destination\">\n        <a href=\"https:\/\/goodcraic.de\/en\/destination-item\/derry\/\">Derry<\/a>\n    <\/div>\n\n<h3 itemprop=\"name\" class=\"entry-title mkdf-post-title\" >\n            <a itemprop=\"url\" href=\"https:\/\/goodcraic.de\/en\/whats-the-craic\/\" title=\"The craic was ninety last night!\">\n            The craic was ninety last night!            <\/a>\n    <\/h3><div class=\"mkdf-post-info-category\">\n    <a href=\"https:\/\/goodcraic.de\/en\/category\/redewendungen\/\" rel=\"category tag\">Idioms<\/a><\/div>            <div class=\"mkdf-bli-excerpt\">\n                                \t<div class=\"mkdf-post-read-more-button\">\n\t\t<a itemprop=\"url\" href=\"https:\/\/goodcraic.de\/en\/whats-the-craic\/\" target=\"_self\"  class=\"mkdf-btn mkdf-btn-medium mkdf-btn-simple mkdf-blog-list-button\"  >    <span class=\"mkdf-btn-text\">Keep Reading...<\/span>    <\/a>\t<\/div>\n            <\/div>\n                            <div class=\"mkdf-bli-content-bottom\">\n                    <div itemprop=\"dateCreated\" class=\"mkdf-post-info-date entry-date published updated\">\n            <a itemprop=\"url\" href=\"https:\/\/goodcraic.de\/en\/2024\/06\/\">\n    \n        13. June 2024        <\/a>\n    <meta itemprop=\"interactionCount\" content=\"UserComments: 0\"\/>\n<\/div>                <\/div>\n            \t\t<\/div>\n        <div class=\"mkdf-bli-content-right\">\n\t        \n\t<div class=\"mkdf-post-image\">\n\t\t\t\t\t<a itemprop=\"url\" href=\"https:\/\/goodcraic.de\/en\/whats-the-craic\/\" title=\"The craic was ninety last night!\">\n\t\t\t\t\t<img loading=\"lazy\" decoding=\"async\" width=\"800\" height=\"600\" src=\"data:image\/gif;base64,R0lGODlhAQABAAAAACH5BAEKAAEALAAAAAABAAEAAAICTAEAOw==\" class=\"attachment-full size-full lazyload\" alt=\"What\u00b4s the Craic?\" sizes=\"auto, (max-width: 800px) 100vw, 800px\" data-src=\"https:\/\/goodcraic.de\/wp-content\/uploads\/2018\/10\/Good-Craic-Bar.jpg\" data-srcset=\"https:\/\/goodcraic.de\/wp-content\/uploads\/2018\/10\/Good-Craic-Bar.jpg 800w, https:\/\/goodcraic.de\/wp-content\/uploads\/2018\/10\/Good-Craic-Bar-300x225.jpg 300w, https:\/\/goodcraic.de\/wp-content\/uploads\/2018\/10\/Good-Craic-Bar-768x576.jpg 768w, https:\/\/goodcraic.de\/wp-content\/uploads\/2018\/10\/Good-Craic-Bar-16x12.jpg 16w\">\t\t\t\t\t<\/a>\n\t\t\t\t\t<\/div>\n        <\/div>\n\t<\/div>\n<\/li><li class=\"mkdf-bl-item mkdf-item-space\">\n\t<div class=\"mkdf-bli-inner\">\n\t\t<div class=\"mkdf-bli-content\">\n            \n    <div class=\"mkdf-post-destination\">\n        <a href=\"https:\/\/goodcraic.de\/en\/destination-item\/die-besten-pubs-im-norden-irlands\/\">Best pubs in the north of Ireland<\/a>\n    <\/div>\n\n<h3 itemprop=\"name\" class=\"entry-title mkdf-post-title\" >\n            <a itemprop=\"url\" href=\"https:\/\/goodcraic.de\/en\/guinness-in-einzigartiger-pub-atmosphaere\/\" title=\"Guinness and the magic of Irish pubs\">\n            Guinness and the magic of Irish pubs            <\/a>\n    <\/h3><div class=\"mkdf-post-info-category\">\n    <a href=\"https:\/\/goodcraic.de\/en\/category\/guides\/\" rel=\"category tag\">Guides<\/a>, <a href=\"https:\/\/goodcraic.de\/en\/category\/pubs\/\" rel=\"category tag\">Pubs<\/a><\/div>            <div class=\"mkdf-bli-excerpt\">\n                                \t<div class=\"mkdf-post-read-more-button\">\n\t\t<a itemprop=\"url\" href=\"https:\/\/goodcraic.de\/en\/guinness-in-einzigartiger-pub-atmosphaere\/\" target=\"_self\"  class=\"mkdf-btn mkdf-btn-medium mkdf-btn-simple mkdf-blog-list-button\"  >    <span class=\"mkdf-btn-text\">Keep Reading...<\/span>    <\/a>\t<\/div>\n            <\/div>\n                            <div class=\"mkdf-bli-content-bottom\">\n                    <div itemprop=\"dateCreated\" class=\"mkdf-post-info-date entry-date published updated\">\n            <a itemprop=\"url\" href=\"https:\/\/goodcraic.de\/en\/2024\/04\/\">\n    \n        1. April 2024        <\/a>\n    <meta itemprop=\"interactionCount\" content=\"UserComments: 0\"\/>\n<\/div>                <\/div>\n            \t\t<\/div>\n        <div class=\"mkdf-bli-content-right\">\n\t        \n\t<div class=\"mkdf-post-image\">\n\t\t\t\t\t<a itemprop=\"url\" href=\"https:\/\/goodcraic.de\/en\/guinness-in-einzigartiger-pub-atmosphaere\/\" title=\"Guinness and the magic of Irish pubs\">\n\t\t\t\t\t<img loading=\"lazy\" decoding=\"async\" width=\"800\" height=\"600\" src=\"data:image\/gif;base64,R0lGODlhAQABAAAAACH5BAEKAAEALAAAAAABAAEAAAICTAEAOw==\" class=\"attachment-full size-full lazyload\" alt=\"Peadar O&#039;Donnell&#039;s, Derry\" sizes=\"auto, (max-width: 800px) 100vw, 800px\" data-src=\"https:\/\/goodcraic.de\/wp-content\/uploads\/2024\/04\/Peadar-O-Donnels-Blogseite.jpg\" data-srcset=\"https:\/\/goodcraic.de\/wp-content\/uploads\/2024\/04\/Peadar-O-Donnels-Blogseite.jpg 800w, https:\/\/goodcraic.de\/wp-content\/uploads\/2024\/04\/Peadar-O-Donnels-Blogseite-300x225.jpg 300w, https:\/\/goodcraic.de\/wp-content\/uploads\/2024\/04\/Peadar-O-Donnels-Blogseite-768x576.jpg 768w, https:\/\/goodcraic.de\/wp-content\/uploads\/2024\/04\/Peadar-O-Donnels-Blogseite-16x12.jpg 16w\">\t\t\t\t\t<\/a>\n\t\t\t\t\t<\/div>\n        <\/div>\n\t<\/div>\n<\/li><li class=\"mkdf-bl-item mkdf-item-space\">\n\t<div class=\"mkdf-bli-inner\">\n\t\t<div class=\"mkdf-bli-content\">\n            \n    <div class=\"mkdf-post-destination\">\n        <a href=\"https:\/\/goodcraic.de\/en\/destination-item\/donegal\/\">Donegal<\/a>\n    <\/div>\n\n<h3 itemprop=\"name\" class=\"entry-title mkdf-post-title\" >\n            <a itemprop=\"url\" href=\"https:\/\/goodcraic.de\/en\/donegals-atemberaubende-landschaften\/\" title=\"The wild beauty of Donegal\">\n            The wild beauty of Donegal            <\/a>\n    <\/h3><div class=\"mkdf-post-info-category\">\n    <a href=\"https:\/\/goodcraic.de\/en\/category\/abenteuer\/\" rel=\"category tag\">Adventures<\/a>, <a href=\"https:\/\/goodcraic.de\/en\/category\/fotografieren\/\" rel=\"category tag\">Photography<\/a>, <a href=\"https:\/\/goodcraic.de\/en\/category\/inspirierend\/\" rel=\"category tag\">Inspiring<\/a>, <a href=\"https:\/\/goodcraic.de\/en\/category\/reiseziel\/\" rel=\"category tag\">Destination<\/a>, <a href=\"https:\/\/goodcraic.de\/en\/category\/straende\/\" rel=\"category tag\">Beaches<\/a><\/div>            <div class=\"mkdf-bli-excerpt\">\n                                \t<div class=\"mkdf-post-read-more-button\">\n\t\t<a itemprop=\"url\" href=\"https:\/\/goodcraic.de\/en\/donegals-atemberaubende-landschaften\/\" target=\"_self\"  class=\"mkdf-btn mkdf-btn-medium mkdf-btn-simple mkdf-blog-list-button\"  >    <span class=\"mkdf-btn-text\">Keep Reading...<\/span>    <\/a>\t<\/div>\n            <\/div>\n                            <div class=\"mkdf-bli-content-bottom\">\n                    <div itemprop=\"dateCreated\" class=\"mkdf-post-info-date entry-date published updated\">\n            <a itemprop=\"url\" href=\"https:\/\/goodcraic.de\/en\/2024\/02\/\">\n    \n        3. February 2024        <\/a>\n    <meta itemprop=\"interactionCount\" content=\"UserComments: 0\"\/>\n<\/div>                <\/div>\n            \t\t<\/div>\n        <div class=\"mkdf-bli-content-right\">\n\t        \n\t<div class=\"mkdf-post-image\">\n\t\t\t\t\t<a itemprop=\"url\" href=\"https:\/\/goodcraic.de\/en\/donegals-atemberaubende-landschaften\/\" title=\"The wild beauty of Donegal\">\n\t\t\t\t\t<img loading=\"lazy\" decoding=\"async\" width=\"800\" height=\"600\" src=\"data:image\/gif;base64,R0lGODlhAQABAAAAACH5BAEKAAEALAAAAAABAAEAAAICTAEAOw==\" class=\"attachment-full size-full lazyload\" alt=\"Donegal im Norden der Republik Irland\" sizes=\"auto, (max-width: 800px) 100vw, 800px\" data-src=\"https:\/\/goodcraic.de\/wp-content\/uploads\/2024\/02\/Donegal-Blog.jpg\" data-srcset=\"https:\/\/goodcraic.de\/wp-content\/uploads\/2024\/02\/Donegal-Blog.jpg 800w, https:\/\/goodcraic.de\/wp-content\/uploads\/2024\/02\/Donegal-Blog-300x225.jpg 300w, https:\/\/goodcraic.de\/wp-content\/uploads\/2024\/02\/Donegal-Blog-768x576.jpg 768w, https:\/\/goodcraic.de\/wp-content\/uploads\/2024\/02\/Donegal-Blog-16x12.jpg 16w\">\t\t\t\t\t<\/a>\n\t\t\t\t\t<\/div>\n        <\/div>\n\t<\/div>\n<\/li><li class=\"mkdf-bl-item mkdf-item-space\">\n\t<div class=\"mkdf-bli-inner\">\n\t\t<div class=\"mkdf-bli-content\">\n            \n    <div class=\"mkdf-post-destination\">\n        <a href=\"https:\/\/goodcraic.de\/en\/destination-item\/der-atemberaubende-norden-irlands\/\">The Breathtaking North of Ireland<\/a>\n    <\/div>\n\n<h3 itemprop=\"name\" class=\"entry-title mkdf-post-title\" >\n            <a itemprop=\"url\" href=\"https:\/\/goodcraic.de\/en\/die-schoensten-straende-im_norden_irlands\/\" title=\"The most beautiful beaches in the north of Ireland\">\n            The most beautiful beaches in the north of Ireland            <\/a>\n    <\/h3><div class=\"mkdf-post-info-category\">\n    <a href=\"https:\/\/goodcraic.de\/en\/category\/abenteuer\/\" rel=\"category tag\">Adventures<\/a>, <a href=\"https:\/\/goodcraic.de\/en\/category\/fotografieren\/\" rel=\"category tag\">Photography<\/a>, <a href=\"https:\/\/goodcraic.de\/en\/category\/guides\/\" rel=\"category tag\">Guides<\/a>, <a href=\"https:\/\/goodcraic.de\/en\/category\/reiseziel\/\" rel=\"category tag\">Destination<\/a>, <a href=\"https:\/\/goodcraic.de\/en\/category\/straende\/\" rel=\"category tag\">Beaches<\/a><\/div>            <div class=\"mkdf-bli-excerpt\">\n                                \t<div class=\"mkdf-post-read-more-button\">\n\t\t<a itemprop=\"url\" href=\"https:\/\/goodcraic.de\/en\/die-schoensten-straende-im_norden_irlands\/\" target=\"_self\"  class=\"mkdf-btn mkdf-btn-medium mkdf-btn-simple mkdf-blog-list-button\"  >    <span class=\"mkdf-btn-text\">Keep Reading...<\/span>    <\/a>\t<\/div>\n            <\/div>\n                            <div class=\"mkdf-bli-content-bottom\">\n                    <div itemprop=\"dateCreated\" class=\"mkdf-post-info-date entry-date published updated\">\n            <a itemprop=\"url\" href=\"https:\/\/goodcraic.de\/en\/2024\/01\/\">\n    \n        26. January 2024        <\/a>\n    <meta itemprop=\"interactionCount\" content=\"UserComments: 0\"\/>\n<\/div>                <\/div>\n            \t\t<\/div>\n        <div class=\"mkdf-bli-content-right\">\n\t        \n\t<div class=\"mkdf-post-image\">\n\t\t\t\t\t<a itemprop=\"url\" href=\"https:\/\/goodcraic.de\/en\/die-schoensten-straende-im_norden_irlands\/\" title=\"The most beautiful beaches in the north of Ireland\">\n\t\t\t\t\t<img loading=\"lazy\" decoding=\"async\" width=\"800\" height=\"600\" src=\"data:image\/gif;base64,R0lGODlhAQABAAAAACH5BAEKAAEALAAAAAABAAEAAAICTAEAOw==\" class=\"attachment-full size-full lazyload\" alt=\"Silver Strand in Donegal, Irland\" sizes=\"auto, (max-width: 800px) 100vw, 800px\" data-src=\"https:\/\/goodcraic.de\/wp-content\/uploads\/2024\/01\/Silver-Strandl-Blog.jpg\" data-srcset=\"https:\/\/goodcraic.de\/wp-content\/uploads\/2024\/01\/Silver-Strandl-Blog.jpg 800w, https:\/\/goodcraic.de\/wp-content\/uploads\/2024\/01\/Silver-Strandl-Blog-300x225.jpg 300w, https:\/\/goodcraic.de\/wp-content\/uploads\/2024\/01\/Silver-Strandl-Blog-768x576.jpg 768w, https:\/\/goodcraic.de\/wp-content\/uploads\/2024\/01\/Silver-Strandl-Blog-16x12.jpg 16w\">\t\t\t\t\t<\/a>\n\t\t\t\t\t<\/div>\n        <\/div>\n\t<\/div>\n<\/li><li class=\"mkdf-bl-item mkdf-item-space\">\n\t<div class=\"mkdf-bli-inner\">\n\t\t<div class=\"mkdf-bli-content\">\n            \n    <div class=\"mkdf-post-destination\">\n        <a href=\"https:\/\/goodcraic.de\/en\/destination-item\/belfast\/\">Belfast, Capital of Northern Ireland<\/a>\n    <\/div>\n\n<h3 itemprop=\"name\" class=\"entry-title mkdf-post-title\" >\n            <a itemprop=\"url\" href=\"https:\/\/goodcraic.de\/en\/belfast-eine-stadt-der-kultur-und-geschichte\/\" title=\"Belfast, not just any city\">\n            Belfast, not just any city            <\/a>\n    <\/h3><div class=\"mkdf-post-info-category\">\n    <a href=\"https:\/\/goodcraic.de\/en\/category\/fotografieren\/\" rel=\"category tag\">Photography<\/a>, <a href=\"https:\/\/goodcraic.de\/en\/category\/guides\/\" rel=\"category tag\">Guides<\/a>, <a href=\"https:\/\/goodcraic.de\/en\/category\/inspirierend\/\" rel=\"category tag\">Inspiring<\/a>, <a href=\"https:\/\/goodcraic.de\/en\/category\/reiseziel\/\" rel=\"category tag\">Destination<\/a><\/div>            <div class=\"mkdf-bli-excerpt\">\n                                \t<div class=\"mkdf-post-read-more-button\">\n\t\t<a itemprop=\"url\" href=\"https:\/\/goodcraic.de\/en\/belfast-eine-stadt-der-kultur-und-geschichte\/\" target=\"_self\"  class=\"mkdf-btn mkdf-btn-medium mkdf-btn-simple mkdf-blog-list-button\"  >    <span class=\"mkdf-btn-text\">Keep Reading...<\/span>    <\/a>\t<\/div>\n            <\/div>\n                            <div class=\"mkdf-bli-content-bottom\">\n                    <div itemprop=\"dateCreated\" class=\"mkdf-post-info-date entry-date published updated\">\n            <a itemprop=\"url\" href=\"https:\/\/goodcraic.de\/en\/2024\/01\/\">\n    \n        20. January 2024        <\/a>\n    <meta itemprop=\"interactionCount\" content=\"UserComments: 0\"\/>\n<\/div>                <\/div>\n            \t\t<\/div>\n        <div class=\"mkdf-bli-content-right\">\n\t        \n\t<div class=\"mkdf-post-image\">\n\t\t\t\t\t<a itemprop=\"url\" href=\"https:\/\/goodcraic.de\/en\/belfast-eine-stadt-der-kultur-und-geschichte\/\" title=\"Belfast, not just any city\">\n\t\t\t\t\t<img loading=\"lazy\" decoding=\"async\" width=\"800\" height=\"600\" src=\"data:image\/gif;base64,R0lGODlhAQABAAAAACH5BAEKAAEALAAAAAABAAEAAAICTAEAOw==\" class=\"attachment-full size-full lazyload\" alt=\"Belfast Hauptstadt Nordirlands\" sizes=\"auto, (max-width: 800px) 100vw, 800px\" data-src=\"https:\/\/goodcraic.de\/wp-content\/uploads\/2024\/01\/Belfast-Blog.jpg\" data-srcset=\"https:\/\/goodcraic.de\/wp-content\/uploads\/2024\/01\/Belfast-Blog.jpg 800w, https:\/\/goodcraic.de\/wp-content\/uploads\/2024\/01\/Belfast-Blog-300x225.jpg 300w, https:\/\/goodcraic.de\/wp-content\/uploads\/2024\/01\/Belfast-Blog-768x576.jpg 768w, https:\/\/goodcraic.de\/wp-content\/uploads\/2024\/01\/Belfast-Blog-16x12.jpg 16w\">\t\t\t\t\t<\/a>\n\t\t\t\t\t<\/div>\n        <\/div>\n\t<\/div>\n<\/li><li class=\"mkdf-bl-item mkdf-item-space\">\n\t<div class=\"mkdf-bli-inner\">\n\t\t<div class=\"mkdf-bli-content\">\n            \n    <div class=\"mkdf-post-destination\">\n        <a href=\"https:\/\/goodcraic.de\/en\/destination-item\/derry\/\">Derry<\/a>\n    <\/div>\n\n<h3 itemprop=\"name\" class=\"entry-title mkdf-post-title\" >\n            <a itemprop=\"url\" href=\"https:\/\/goodcraic.de\/en\/derry-the-own-i-loved-so-well\/\" title=\"A very Personal View\">\n            A very Personal View            <\/a>\n    <\/h3><div class=\"mkdf-post-info-category\">\n    <a href=\"https:\/\/goodcraic.de\/en\/category\/fotografieren\/\" rel=\"category tag\">Photography<\/a>, <a href=\"https:\/\/goodcraic.de\/en\/category\/guides\/\" rel=\"category tag\">Guides<\/a>, <a href=\"https:\/\/goodcraic.de\/en\/category\/inspirierend\/\" rel=\"category tag\">Inspiring<\/a>, <a href=\"https:\/\/goodcraic.de\/en\/category\/reiseziel\/\" rel=\"category tag\">Destination<\/a><\/div>            <div class=\"mkdf-bli-excerpt\">\n                                \t<div class=\"mkdf-post-read-more-button\">\n\t\t<a itemprop=\"url\" href=\"https:\/\/goodcraic.de\/en\/derry-the-own-i-loved-so-well\/\" target=\"_self\"  class=\"mkdf-btn mkdf-btn-medium mkdf-btn-simple mkdf-blog-list-button\"  >    <span class=\"mkdf-btn-text\">Keep Reading...<\/span>    <\/a>\t<\/div>\n            <\/div>\n                            <div class=\"mkdf-bli-content-bottom\">\n                    <div itemprop=\"dateCreated\" class=\"mkdf-post-info-date entry-date published updated\">\n            <a itemprop=\"url\" href=\"https:\/\/goodcraic.de\/en\/2024\/01\/\">\n    \n        2. January 2024        <\/a>\n    <meta itemprop=\"interactionCount\" content=\"UserComments: 0\"\/>\n<\/div>                <\/div>\n            \t\t<\/div>\n        <div class=\"mkdf-bli-content-right\">\n\t        \n\t<div class=\"mkdf-post-image\">\n\t\t\t\t\t<a itemprop=\"url\" href=\"https:\/\/goodcraic.de\/en\/derry-the-own-i-loved-so-well\/\" title=\"A very Personal View\">\n\t\t\t\t\t<img loading=\"lazy\" decoding=\"async\" width=\"800\" height=\"600\" src=\"data:image\/gif;base64,R0lGODlhAQABAAAAACH5BAEKAAEALAAAAAABAAEAAAICTAEAOw==\" class=\"attachment-full size-full lazyload\" alt=\"Derry Nordirland\" sizes=\"auto, (max-width: 800px) 100vw, 800px\" data-src=\"https:\/\/goodcraic.de\/wp-content\/uploads\/2024\/01\/Derry-Blog.jpg\" data-srcset=\"https:\/\/goodcraic.de\/wp-content\/uploads\/2024\/01\/Derry-Blog.jpg 800w, https:\/\/goodcraic.de\/wp-content\/uploads\/2024\/01\/Derry-Blog-300x225.jpg 300w, https:\/\/goodcraic.de\/wp-content\/uploads\/2024\/01\/Derry-Blog-768x576.jpg 768w, https:\/\/goodcraic.de\/wp-content\/uploads\/2024\/01\/Derry-Blog-16x12.jpg 16w\">\t\t\t\t\t<\/a>\n\t\t\t\t\t<\/div>\n        <\/div>\n\t<\/div>\n<\/li>\t\t<\/ul>\n\t<\/div>\n\t<\/div><\/div><\/div><\/div><\/div><div class=\"vc_row wpb_row vc_row-fluid\" ><div class=\"wpb_column vc_column_container vc_col-sm-12\"><div class=\"vc_column-inner\"><div class=\"wpb_wrapper\"><\/div><\/div><\/div><\/div>\n<div class=\"shariff shariff-align-flex-start shariff-widget-align-center\" data-url=\"https%3A%2F%2Fgoodcraic.de%2Fen%2Fderry-the-own-i-loved-so-well%2F\" data-timestamp=\"1722293263\" data-hidezero=\"1\" data-backendurl=\"https:\/\/goodcraic.de\/en\/wp-json\/shariff\/v1\/share_counts?\"><ul class=\"shariff-buttons theme-white orientation-horizontal buttonsize-medium\"><li class=\"shariff-button facebook shariff-nocustomcolor\" style=\"background-color:#4273c8\"><a href=\"https:\/\/www.facebook.com\/sharer\/sharer.php?u=https%3A%2F%2Fgoodcraic.de%2Fen%2Fderry-the-own-i-loved-so-well%2F\" title=\"Bei Facebook teilen\" aria-label=\"Bei Facebook teilen\" role=\"button\" rel=\"nofollow\" class=\"shariff-link\" style=\"; background-color:#3b5998; color:#3b5998\" target=\"_blank\"><span class=\"shariff-icon\" style=\"fill:#3b5998\"><svg width=\"32px\" height=\"20px\" xmlns=\"http:\/\/www.w3.org\/2000\/svg\" viewbox=\"0 0 18 32\"><path fill=\"#3b5998\" d=\"M17.1 0.2v4.7h-2.8q-1.5 0-2.1 0.6t-0.5 1.9v3.4h5.2l-0.7 5.3h-4.5v13.6h-5.5v-13.6h-4.5v-5.3h4.5v-3.9q0-3.3 1.9-5.2t5-1.8q2.6 0 4.1 0.2z\"\/><\/svg><\/span><span class=\"shariff-text\" style=\"color:#3b5998\">share<\/span>&nbsp;<\/a><\/li><li class=\"shariff-button pinterest shariff-nocustomcolor\" style=\"background-color:#e70f18\"><a href=\"https:\/\/www.pinterest.com\/pin\/create\/link\/?url=https%3A%2F%2Fgoodcraic.de%2Fen%2Fderry-the-own-i-loved-so-well%2F&media=https%3A%2F%2Fgoodcraic.de%2Fwp-content%2Fuploads%2F2023%2F04%2FDerry_Panorama-1.jpg&description=Eine%20sehr%20pers%C3%B6nliche%20Ansicht\" title=\"Bei Pinterest pinnen\" aria-label=\"Bei Pinterest pinnen\" role=\"button\" rel=\"noopener nofollow\" class=\"shariff-link\" style=\"; background-color:#cb2027; color:#cb2027\" target=\"_blank\"><span class=\"shariff-icon\" style=\"fill:#cb2027\"><svg width=\"32px\" height=\"20px\" xmlns=\"http:\/\/www.w3.org\/2000\/svg\" viewbox=\"0 0 27 32\"><path fill=\"#cb2027\" d=\"M27.4 16q0 3.7-1.8 6.9t-5 5-6.9 1.9q-2 0-3.9-0.6 1.1-1.7 1.4-2.9 0.2-0.6 1-3.8 0.4 0.7 1.3 1.2t2 0.5q2.1 0 3.8-1.2t2.7-3.4 0.9-4.8q0-2-1.1-3.8t-3.1-2.9-4.5-1.2q-1.9 0-3.5 0.5t-2.8 1.4-2 2-1.2 2.3-0.4 2.4q0 1.9 0.7 3.3t2.1 2q0.5 0.2 0.7-0.4 0-0.1 0.1-0.5t0.2-0.5q0.1-0.4-0.2-0.8-0.9-1.1-0.9-2.7 0-2.7 1.9-4.6t4.9-2q2.7 0 4.2 1.5t1.5 3.8q0 3-1.2 5.2t-3.1 2.1q-1.1 0-1.7-0.8t-0.4-1.9q0.1-0.6 0.5-1.7t0.5-1.8 0.2-1.4q0-0.9-0.5-1.5t-1.4-0.6q-1.1 0-1.9 1t-0.8 2.6q0 1.3 0.4 2.2l-1.8 7.5q-0.3 1.2-0.2 3.2-3.7-1.6-6-5t-2.3-7.6q0-3.7 1.9-6.9t5-5 6.9-1.9 6.9 1.9 5 5 1.8 6.9z\"\/><\/svg><\/span><span class=\"shariff-text\" style=\"color:#cb2027\">merken<\/span>&nbsp;<\/a><\/li><li class=\"shariff-button mailto shariff-nocustomcolor\" style=\"background-color:#a8a8a8\"><a href=\"mailto:?body=https%3A%2F%2Fgoodcraic.de%2Fen%2Fderry-the-own-i-loved-so-well%2F&subject=Eine%20sehr%20pers%C3%B6nliche%20Ansicht\" title=\"Per E-Mail versenden\" aria-label=\"Per E-Mail versenden\" role=\"button\" rel=\"noopener nofollow\" class=\"shariff-link\" style=\"; background-color:#999; color:#999\"><span class=\"shariff-icon\" style=\"fill:#999\"><svg width=\"32px\" height=\"20px\" xmlns=\"http:\/\/www.w3.org\/2000\/svg\" viewbox=\"0 0 32 32\"><path fill=\"#999\" d=\"M32 12.7v14.2q0 1.2-0.8 2t-2 0.9h-26.3q-1.2 0-2-0.9t-0.8-2v-14.2q0.8 0.9 1.8 1.6 6.5 4.4 8.9 6.1 1 0.8 1.6 1.2t1.7 0.9 2 0.4h0.1q0.9 0 2-0.4t1.7-0.9 1.6-1.2q3-2.2 8.9-6.1 1-0.7 1.8-1.6zM32 7.4q0 1.4-0.9 2.7t-2.2 2.2q-6.7 4.7-8.4 5.8-0.2 0.1-0.7 0.5t-1 0.7-0.9 0.6-1.1 0.5-0.9 0.2h-0.1q-0.4 0-0.9-0.2t-1.1-0.5-0.9-0.6-1-0.7-0.7-0.5q-1.6-1.1-4.7-3.2t-3.6-2.6q-1.1-0.7-2.1-2t-1-2.5q0-1.4 0.7-2.3t2.1-0.9h26.3q1.2 0 2 0.8t0.9 2z\"\/><\/svg><\/span><span class=\"shariff-text\" style=\"color:#999\">E-Mail<\/span>&nbsp;<\/a><\/li><li class=\"shariff-button whatsapp shariff-nocustomcolor\" style=\"background-color:#5cbe4a\"><a href=\"https:\/\/api.whatsapp.com\/send?text=https%3A%2F%2Fgoodcraic.de%2Fen%2Fderry-the-own-i-loved-so-well%2F%20Eine%20sehr%20pers%C3%B6nliche%20Ansicht\" title=\"Bei Whatsapp teilen\" aria-label=\"Bei Whatsapp teilen\" role=\"button\" rel=\"noopener nofollow\" class=\"shariff-link\" style=\"; background-color:#34af23; color:#34af23\" target=\"_blank\"><span class=\"shariff-icon\" style=\"fill:#34af23\"><svg width=\"32px\" height=\"20px\" xmlns=\"http:\/\/www.w3.org\/2000\/svg\" viewbox=\"0 0 32 32\"><path fill=\"#34af23\" d=\"M17.6 17.4q0.2 0 1.7 0.8t1.6 0.9q0 0.1 0 0.3 0 0.6-0.3 1.4-0.3 0.7-1.3 1.2t-1.8 0.5q-1 0-3.4-1.1-1.7-0.8-3-2.1t-2.6-3.3q-1.3-1.9-1.3-3.5v-0.1q0.1-1.6 1.3-2.8 0.4-0.4 0.9-0.4 0.1 0 0.3 0t0.3 0q0.3 0 0.5 0.1t0.3 0.5q0.1 0.4 0.6 1.6t0.4 1.3q0 0.4-0.6 1t-0.6 0.8q0 0.1 0.1 0.3 0.6 1.3 1.8 2.4 1 0.9 2.7 1.8 0.2 0.1 0.4 0.1 0.3 0 1-0.9t0.9-0.9zM14 26.9q2.3 0 4.3-0.9t3.6-2.4 2.4-3.6 0.9-4.3-0.9-4.3-2.4-3.6-3.6-2.4-4.3-0.9-4.3 0.9-3.6 2.4-2.4 3.6-0.9 4.3q0 3.6 2.1 6.6l-1.4 4.2 4.3-1.4q2.8 1.9 6.2 1.9zM14 2.2q2.7 0 5.2 1.1t4.3 2.9 2.9 4.3 1.1 5.2-1.1 5.2-2.9 4.3-4.3 2.9-5.2 1.1q-3.5 0-6.5-1.7l-7.4 2.4 2.4-7.2q-1.9-3.2-1.9-6.9 0-2.7 1.1-5.2t2.9-4.3 4.3-2.9 5.2-1.1z\"\/><\/svg><\/span><span class=\"shariff-text\" style=\"color:#34af23\">share<\/span>&nbsp;<\/a><\/li><\/ul><\/div><\/div>","protected":false},"excerpt":{"rendered":"Als ich Anfang der 80iger Jahre zum ersten Mal \u201eSunday Bloody Sunday\u201c von U2 h\u00f6rte, h\u00e4tte ich (nat\u00fcrlich) nicht im Traum daran gedacht, dass ich fast 30 Jahre sp\u00e4ter die Gelegenheit bekommen sollte, f\u00fcr ein paar Monate in Derry leben [...]","protected":false},"author":1,"featured_media":0,"parent":0,"menu_order":0,"comment_status":"closed","ping_status":"closed","template":"","meta":{"h5ap_radio_sources":[],"iawp_total_views":117,"footnotes":""},"class_list":["post-41","page","type-page","status-publish","hentry"],"_links":{"self":[{"href":"https:\/\/goodcraic.de\/en\/wp-json\/wp\/v2\/pages\/41","targetHints":{"allow":["GET"]}}],"collection":[{"href":"https:\/\/goodcraic.de\/en\/wp-json\/wp\/v2\/pages"}],"about":[{"href":"https:\/\/goodcraic.de\/en\/wp-json\/wp\/v2\/types\/page"}],"author":[{"embeddable":true,"href":"https:\/\/goodcraic.de\/en\/wp-json\/wp\/v2\/users\/1"}],"replies":[{"embeddable":true,"href":"https:\/\/goodcraic.de\/en\/wp-json\/wp\/v2\/comments?post=41"}],"version-history":[{"count":0,"href":"https:\/\/goodcraic.de\/en\/wp-json\/wp\/v2\/pages\/41\/revisions"}],"wp:attachment":[{"href":"https:\/\/goodcraic.de\/en\/wp-json\/wp\/v2\/media?parent=41"}],"curies":[{"name":"wp","href":"https:\/\/api.w.org\/{rel}","templated":true}]}}